{"id":1045,"date":"2023-08-27T20:09:19","date_gmt":"2023-08-27T20:09:19","guid":{"rendered":"https:\/\/boatpartyctg.com\/?page_id=1045"},"modified":"2023-09-10T13:02:39","modified_gmt":"2023-09-10T13:02:39","slug":"con-otros","status":"publish","type":"page","link":"https:\/\/boatpartyctg.com\/index.php\/landing\/experiencias\/con-otros\/","title":{"rendered":"Con Otros"},"content":{"rendered":"\t\t<div data-elementor-type=\"wp-page\" data-elementor-id=\"1045\" class=\"elementor elementor-1045\">\n\t\t\t\t\t\t<section class=\"elementor-section elementor-top-section elementor-element elementor-element-1cd8b73 elementor-section-full_width elementor-section-height-default elementor-section-height-default\" data-id=\"1cd8b73\" data-element_type=\"section\" data-e-type=\"section\">\n\t\t\t\t\t\t<div class=\"elementor-container elementor-column-gap-no\">\n\t\t\t\t\t<div class=\"elementor-column elementor-col-100 elementor-top-column elementor-element elementor-element-c8b9c3e\" data-id=\"c8b9c3e\" data-element_type=\"column\" data-e-type=\"column\">\n\t\t\t<div class=\"elementor-widget-wrap elementor-element-populated\">\n\t\t\t\t\t\t<div class=\"elementor-element elementor-element-eb3d366 elementor-widget elementor-widget-image\" data-id=\"eb3d366\" data-element_type=\"widget\" data-e-type=\"widget\" data-widget_type=\"image.default\">\n\t\t\t\t<div class=\"elementor-widget-container\">\n\t\t\t\t\t\t\t\t\t\t\t\t\t\t\t<img fetchpriority=\"high\" decoding=\"async\" width=\"1920\" height=\"720\" src=\"https:\/\/boatpartyctg.com\/wp-content\/uploads\/2023\/08\/bk-exp-web.png\" class=\"attachment-full size-full wp-image-884\" alt=\"\" srcset=\"https:\/\/boatpartyctg.com\/wp-content\/uploads\/2023\/08\/bk-exp-web.png 1920w, https:\/\/boatpartyctg.com\/wp-content\/uploads\/2023\/08\/bk-exp-web-600x225.png 600w, https:\/\/boatpartyctg.com\/wp-content\/uploads\/2023\/08\/bk-exp-web-300x113.png 300w, https:\/\/boatpartyctg.com\/wp-content\/uploads\/2023\/08\/bk-exp-web-1024x384.png 1024w, https:\/\/boatpartyctg.com\/wp-content\/uploads\/2023\/08\/bk-exp-web-768x288.png 768w, https:\/\/boatpartyctg.com\/wp-content\/uploads\/2023\/08\/bk-exp-web-1536x576.png 1536w\" sizes=\"(max-width: 1920px) 100vw, 1920px\" \/>\t\t\t\t\t\t\t\t\t\t\t\t\t\t\t<\/div>\n\t\t\t\t<\/div>\n\t\t\t\t<div class=\"elementor-element elementor-element-fa5cbfc elementor-widget elementor-widget-heading\" data-id=\"fa5cbfc\" data-element_type=\"widget\" data-e-type=\"widget\" data-widget_type=\"heading.default\">\n\t\t\t\t<div class=\"elementor-widget-container\">\n\t\t\t\t\t<h2 class=\"elementor-heading-title elementor-size-default\">Con Otros<\/h2>\t\t\t\t<\/div>\n\t\t\t\t<\/div>\n\t\t\t\t\t<\/div>\n\t\t<\/div>\n\t\t\t\t\t<\/div>\n\t\t<\/section>\n\t\t\t\t<section class=\"elementor-section elementor-top-section elementor-element elementor-element-30c2c58 elementor-section-boxed elementor-section-height-default elementor-section-height-default\" data-id=\"30c2c58\" data-element_type=\"section\" data-e-type=\"section\">\n\t\t\t\t\t\t<div class=\"elementor-container elementor-column-gap-default\">\n\t\t\t\t\t<div class=\"elementor-column elementor-col-100 elementor-top-column elementor-element elementor-element-b0ffc67\" data-id=\"b0ffc67\" data-element_type=\"column\" data-e-type=\"column\">\n\t\t\t<div class=\"elementor-widget-wrap elementor-element-populated\">\n\t\t\t\t\t\t<div class=\"elementor-element elementor-element-a7e7144 elementor-widget elementor-widget-text-editor\" data-id=\"a7e7144\" data-element_type=\"widget\" data-e-type=\"widget\" data-widget_type=\"text-editor.default\">\n\t\t\t\t<div class=\"elementor-widget-container\">\n\t\t\t\t\t\t\t\t\t<p style=\"text-align: center;\">Descubre experiencias \u00fanicas: catamaranes, atardeceres, cenas, hospedaje en islas paradis\u00edacas. Explora nuestras opciones de Catamaranes y Embarcaciones de lujo. Con Bona Vida Catamar\u00e1n, disfruta de \u2018Pasad\u00edas Islas del Rosario\u2019 o un \u2018Crucero al Atardecer\u2019. Con Sibarita Del Mar, elige entre \u2018Atardecer Express\u2019, \u2018Atardecer Sibarita Master\u2019, \u2018Cena Sibarita Express\u2019 o \u2018Cena Sibarita Master\u2019. Adem\u00e1s, rel\u00e1jate con \u2018Island Day Pass\u2019 para pasar el d\u00eda en las Islas, o escoge \u2018Island Getaway Retreat\u2019 para una estancia inolvidable. \u00a1Reserva ahora y vive la magia del Caribe! \u00a1Reserva tu aventura caribe\u00f1a!<\/p>\t\t\t\t\t\t\t\t<\/div>\n\t\t\t\t<\/div>\n\t\t\t\t\t<\/div>\n\t\t<\/div>\n\t\t\t\t\t<\/div>\n\t\t<\/section>\n\t\t\t\t<section class=\"elementor-section elementor-top-section elementor-element elementor-element-81aed1d elementor-section-boxed elementor-section-height-default elementor-section-height-default\" data-id=\"81aed1d\" data-element_type=\"section\" data-e-type=\"section\">\n\t\t\t\t\t\t<div class=\"elementor-container elementor-column-gap-default\">\n\t\t\t\t\t<div class=\"elementor-column elementor-col-100 elementor-top-column elementor-element elementor-element-bc1f1e4\" data-id=\"bc1f1e4\" data-element_type=\"column\" data-e-type=\"column\">\n\t\t\t<div class=\"elementor-widget-wrap elementor-element-populated\">\n\t\t\t\t\t\t<div class=\"elementor-element elementor-element-dd0d380 elementor-grid-4 elementor-grid-tablet-3 elementor-grid-mobile-2 elementor-products-grid elementor-wc-products elementor-widget elementor-widget-woocommerce-products\" data-id=\"dd0d380\" data-element_type=\"widget\" data-e-type=\"widget\" data-widget_type=\"woocommerce-products.default\">\n\t\t\t\t<div class=\"elementor-widget-container\">\n\t\t\t\t\t<div class=\"woocommerce columns-4 \"><ul class=\"products elementor-grid columns-4\">\n<li class=\"product type-product post-934 status-publish first outofstock product_cat-con-otros product_cat-experiencias has-post-thumbnail taxable shipping-taxable product-type-simple\">\n\t<a href=\"https:\/\/boatpartyctg.com\/index.php\/product\/island-day-pass\/\" class=\"woocommerce-LoopProduct-link woocommerce-loop-product__link\"><img decoding=\"async\" width=\"300\" height=\"300\" src=\"https:\/\/boatpartyctg.com\/wp-content\/uploads\/2023\/08\/70-300x300.png\" class=\"attachment-woocommerce_thumbnail size-woocommerce_thumbnail\" alt=\"Island Day Pass &#039;&#039;Pasa Dia&#039;&#039;\" srcset=\"https:\/\/boatpartyctg.com\/wp-content\/uploads\/2023\/08\/70-300x300.png 300w, https:\/\/boatpartyctg.com\/wp-content\/uploads\/2023\/08\/70-100x100.png 100w, https:\/\/boatpartyctg.com\/wp-content\/uploads\/2023\/08\/70-600x600.png 600w, https:\/\/boatpartyctg.com\/wp-content\/uploads\/2023\/08\/70-1024x1024.png 1024w, https:\/\/boatpartyctg.com\/wp-content\/uploads\/2023\/08\/70-150x150.png 150w, https:\/\/boatpartyctg.com\/wp-content\/uploads\/2023\/08\/70-768x768.png 768w, https:\/\/boatpartyctg.com\/wp-content\/uploads\/2023\/08\/70.png 1080w\" sizes=\"(max-width: 300px) 100vw, 300px\" \/><h2 class=\"woocommerce-loop-product__title\">Island Day Pass &#8221;Pasa Dia&#8221;<\/h2>\n<\/a><a href=\"https:\/\/boatpartyctg.com\/index.php\/product\/island-day-pass\/\" aria-describedby=\"woocommerce_loop_add_to_cart_link_describedby_934\" data-quantity=\"1\" class=\"button product_type_simple\" data-product_id=\"934\" data-product_sku=\"\" aria-label=\"Lee m\u00e1s sobre &ldquo;Island Day Pass &#039;&#039;Pasa Dia&#039;&#039;&rdquo;\" rel=\"nofollow\" data-success_message=\"\">Leer m\u00e1s<\/a>\t<span id=\"woocommerce_loop_add_to_cart_link_describedby_934\" class=\"screen-reader-text\">\n\t\t\t<\/span>\n<\/li>\n<li class=\"product type-product post-935 status-publish instock product_cat-con-otros product_cat-experiencias has-post-thumbnail taxable shipping-taxable product-type-simple\">\n\t<a href=\"https:\/\/boatpartyctg.com\/index.php\/product\/island-getaway-retreat\/\" class=\"woocommerce-LoopProduct-link woocommerce-loop-product__link\"><img decoding=\"async\" width=\"300\" height=\"300\" src=\"https:\/\/boatpartyctg.com\/wp-content\/uploads\/2023\/08\/73-300x300.png\" class=\"attachment-woocommerce_thumbnail size-woocommerce_thumbnail\" alt=\"Island Getaway Retreat\" srcset=\"https:\/\/boatpartyctg.com\/wp-content\/uploads\/2023\/08\/73-300x300.png 300w, https:\/\/boatpartyctg.com\/wp-content\/uploads\/2023\/08\/73-100x100.png 100w, https:\/\/boatpartyctg.com\/wp-content\/uploads\/2023\/08\/73-600x600.png 600w, https:\/\/boatpartyctg.com\/wp-content\/uploads\/2023\/08\/73-1024x1024.png 1024w, https:\/\/boatpartyctg.com\/wp-content\/uploads\/2023\/08\/73-150x150.png 150w, https:\/\/boatpartyctg.com\/wp-content\/uploads\/2023\/08\/73-768x768.png 768w, https:\/\/boatpartyctg.com\/wp-content\/uploads\/2023\/08\/73.png 1080w\" sizes=\"(max-width: 300px) 100vw, 300px\" \/><h2 class=\"woocommerce-loop-product__title\">Island Getaway Retreat<\/h2>\n<\/a><a href=\"https:\/\/boatpartyctg.com\/index.php\/product\/island-getaway-retreat\/\" aria-describedby=\"woocommerce_loop_add_to_cart_link_describedby_935\" data-quantity=\"1\" class=\"button product_type_simple\" data-product_id=\"935\" data-product_sku=\"\" aria-label=\"Lee m\u00e1s sobre &ldquo;Island Getaway Retreat&rdquo;\" rel=\"nofollow\" data-success_message=\"\">Leer m\u00e1s<\/a>\t<span id=\"woocommerce_loop_add_to_cart_link_describedby_935\" class=\"screen-reader-text\">\n\t\t\t<\/span>\n<\/li>\n<\/ul>\n<\/div>\t\t\t\t<\/div>\n\t\t\t\t<\/div>\n\t\t\t\t\t<\/div>\n\t\t<\/div>\n\t\t\t\t\t<\/div>\n\t\t<\/section>\n\t\t\t\t<\/div>\n\t\t","protected":false},"excerpt":{"rendered":"<p>Con Otros Descubre experiencias \u00fanicas: catamaranes, atardeceres, cenas, hospedaje en islas paradis\u00edacas. Explora nuestras opciones de Catamaranes y Embarcaciones de lujo. Con Bona Vida Catamar\u00e1n, disfruta de \u2018Pasad\u00edas Islas del Rosario\u2019 o un \u2018Crucero al Atardecer\u2019. Con Sibarita Del Mar, elige entre \u2018Atardecer Express\u2019, \u2018Atardecer Sibarita Master\u2019, \u2018Cena Sibarita Express\u2019 o \u2018Cena Sibarita Master\u2019. Adem\u00e1s, [&hellip;]<\/p>\n","protected":false},"author":1,"featured_media":0,"parent":851,"menu_order":0,"comment_status":"closed","ping_status":"closed","template":"","meta":{"_monsterinsights_skip_tracking":false,"_monsterinsights_sitenote_active":false,"_monsterinsights_sitenote_note":"","_monsterinsights_sitenote_category":0,"_joinchat":[],"footnotes":""},"class_list":["post-1045","page","type-page","status-publish","hentry"],"aioseo_notices":[],"jetpack_sharing_enabled":true,"_links":{"self":[{"href":"https:\/\/boatpartyctg.com\/index.php\/wp-json\/wp\/v2\/pages\/1045","targetHints":{"allow":["GET"]}}],"collection":[{"href":"https:\/\/boatpartyctg.com\/index.php\/wp-json\/wp\/v2\/pages"}],"about":[{"href":"https:\/\/boatpartyctg.com\/index.php\/wp-json\/wp\/v2\/types\/page"}],"author":[{"embeddable":true,"href":"https:\/\/boatpartyctg.com\/index.php\/wp-json\/wp\/v2\/users\/1"}],"replies":[{"embeddable":true,"href":"https:\/\/boatpartyctg.com\/index.php\/wp-json\/wp\/v2\/comments?post=1045"}],"version-history":[{"count":22,"href":"https:\/\/boatpartyctg.com\/index.php\/wp-json\/wp\/v2\/pages\/1045\/revisions"}],"predecessor-version":[{"id":1711,"href":"https:\/\/boatpartyctg.com\/index.php\/wp-json\/wp\/v2\/pages\/1045\/revisions\/1711"}],"up":[{"embeddable":true,"href":"https:\/\/boatpartyctg.com\/index.php\/wp-json\/wp\/v2\/pages\/851"}],"wp:attachment":[{"href":"https:\/\/boatpartyctg.com\/index.php\/wp-json\/wp\/v2\/media?parent=1045"}],"curies":[{"name":"wp","href":"https:\/\/api.w.org\/{rel}","templated":true}]}}