{"id":1631,"date":"2023-09-02T15:56:04","date_gmt":"2023-09-02T15:56:04","guid":{"rendered":"https:\/\/boatpartyctg.com\/?page_id=1631"},"modified":"2023-09-02T16:04:42","modified_gmt":"2023-09-02T16:04:42","slug":"agrade","status":"publish","type":"page","link":"https:\/\/boatpartyctg.com\/index.php\/agrade\/","title":{"rendered":"Agrade"},"content":{"rendered":"\t\t<div data-elementor-type=\"wp-page\" data-elementor-id=\"1631\" class=\"elementor elementor-1631\">\n\t\t\t\t\t\t<section class=\"elementor-section elementor-top-section elementor-element elementor-element-7977bc9 elementor-section-full_width elementor-section-height-default elementor-section-height-default\" data-id=\"7977bc9\" data-element_type=\"section\" data-e-type=\"section\">\n\t\t\t\t\t\t<div class=\"elementor-container elementor-column-gap-no\">\n\t\t\t\t\t<div class=\"elementor-column elementor-col-100 elementor-top-column elementor-element elementor-element-6b2e940\" data-id=\"6b2e940\" data-element_type=\"column\" data-e-type=\"column\">\n\t\t\t<div class=\"elementor-widget-wrap elementor-element-populated\">\n\t\t\t\t\t\t<div class=\"elementor-element elementor-element-8003b1f elementor-widget elementor-widget-image\" data-id=\"8003b1f\" data-element_type=\"widget\" data-e-type=\"widget\" data-widget_type=\"image.default\">\n\t\t\t\t<div class=\"elementor-widget-container\">\n\t\t\t\t\t\t\t\t\t\t\t\t\t\t\t<img fetchpriority=\"high\" decoding=\"async\" width=\"1920\" height=\"720\" src=\"https:\/\/boatpartyctg.com\/wp-content\/uploads\/2023\/08\/bk-exp-web.png\" class=\"attachment-full size-full wp-image-884\" alt=\"\" srcset=\"https:\/\/boatpartyctg.com\/wp-content\/uploads\/2023\/08\/bk-exp-web.png 1920w, https:\/\/boatpartyctg.com\/wp-content\/uploads\/2023\/08\/bk-exp-web-600x225.png 600w, https:\/\/boatpartyctg.com\/wp-content\/uploads\/2023\/08\/bk-exp-web-300x113.png 300w, https:\/\/boatpartyctg.com\/wp-content\/uploads\/2023\/08\/bk-exp-web-1024x384.png 1024w, https:\/\/boatpartyctg.com\/wp-content\/uploads\/2023\/08\/bk-exp-web-768x288.png 768w, https:\/\/boatpartyctg.com\/wp-content\/uploads\/2023\/08\/bk-exp-web-1536x576.png 1536w\" sizes=\"(max-width: 1920px) 100vw, 1920px\" \/>\t\t\t\t\t\t\t\t\t\t\t\t\t\t\t<\/div>\n\t\t\t\t<\/div>\n\t\t\t\t<div class=\"elementor-element elementor-element-cebedce elementor-widget elementor-widget-heading\" data-id=\"cebedce\" data-element_type=\"widget\" data-e-type=\"widget\" data-widget_type=\"heading.default\">\n\t\t\t\t<div class=\"elementor-widget-container\">\n\t\t\t\t\t<h2 class=\"elementor-heading-title elementor-size-default\">\u00a1Enhorabuena!<\/h2>\t\t\t\t<\/div>\n\t\t\t\t<\/div>\n\t\t\t\t\t<\/div>\n\t\t<\/div>\n\t\t\t\t\t<\/div>\n\t\t<\/section>\n\t\t\t\t<section class=\"elementor-section elementor-top-section elementor-element elementor-element-b145f47 elementor-section-boxed elementor-section-height-default elementor-section-height-default\" data-id=\"b145f47\" data-element_type=\"section\" data-e-type=\"section\">\n\t\t\t\t\t\t<div class=\"elementor-container elementor-column-gap-default\">\n\t\t\t\t\t<div class=\"elementor-column elementor-col-100 elementor-top-column elementor-element elementor-element-bbf39a7\" data-id=\"bbf39a7\" data-element_type=\"column\" data-e-type=\"column\">\n\t\t\t<div class=\"elementor-widget-wrap elementor-element-populated\">\n\t\t\t\t\t\t<div class=\"elementor-element elementor-element-3a626c7 elementor-widget elementor-widget-text-editor\" data-id=\"3a626c7\" data-element_type=\"widget\" data-e-type=\"widget\" data-widget_type=\"text-editor.default\">\n\t\t\t\t<div class=\"elementor-widget-container\">\n\t\t\t\t\t\t\t\t\t<p style=\"text-align: center;\">\u00a1Felicidades! Gracias por enviarnos tus datos e informaci\u00f3n en Boat Party Cartagena valoramos tu privacidad y trataremos tu informaci\u00f3n con la m\u00e1xima confidencialidad. Tu descuento exclusivo de Boat Party Cartagena est\u00e1 en proceso. Pronto recibir\u00e1s un correo electr\u00f3nico con tu cup\u00f3n. Prep\u00e1rate para vivir momentos inolvidables en el para\u00edso caribe\u00f1o. \u00a1Gracias por elegirnos para tu aventura!<\/p>\t\t\t\t\t\t\t\t<\/div>\n\t\t\t\t<\/div>\n\t\t\t\t\t<\/div>\n\t\t<\/div>\n\t\t\t\t\t<\/div>\n\t\t<\/section>\n\t\t\t\t<\/div>\n\t\t","protected":false},"excerpt":{"rendered":"<p>\u00a1Enhorabuena! \u00a1Felicidades! Gracias por enviarnos tus datos e informaci\u00f3n en Boat Party Cartagena valoramos tu privacidad y trataremos tu informaci\u00f3n con la m\u00e1xima confidencialidad. Tu descuento exclusivo de Boat Party Cartagena est\u00e1 en proceso. Pronto recibir\u00e1s un correo electr\u00f3nico con tu cup\u00f3n. Prep\u00e1rate para vivir momentos inolvidables en el para\u00edso caribe\u00f1o. \u00a1Gracias por elegirnos para [&hellip;]<\/p>\n","protected":false},"author":1,"featured_media":0,"parent":0,"menu_order":0,"comment_status":"closed","ping_status":"closed","template":"","meta":{"_monsterinsights_skip_tracking":false,"_monsterinsights_sitenote_active":false,"_monsterinsights_sitenote_note":"","_monsterinsights_sitenote_category":0,"_joinchat":[],"footnotes":""},"class_list":["post-1631","page","type-page","status-publish","hentry"],"aioseo_notices":[],"jetpack_sharing_enabled":true,"_links":{"self":[{"href":"https:\/\/boatpartyctg.com\/index.php\/wp-json\/wp\/v2\/pages\/1631","targetHints":{"allow":["GET"]}}],"collection":[{"href":"https:\/\/boatpartyctg.com\/index.php\/wp-json\/wp\/v2\/pages"}],"about":[{"href":"https:\/\/boatpartyctg.com\/index.php\/wp-json\/wp\/v2\/types\/page"}],"author":[{"embeddable":true,"href":"https:\/\/boatpartyctg.com\/index.php\/wp-json\/wp\/v2\/users\/1"}],"replies":[{"embeddable":true,"href":"https:\/\/boatpartyctg.com\/index.php\/wp-json\/wp\/v2\/comments?post=1631"}],"version-history":[{"count":4,"href":"https:\/\/boatpartyctg.com\/index.php\/wp-json\/wp\/v2\/pages\/1631\/revisions"}],"predecessor-version":[{"id":1635,"href":"https:\/\/boatpartyctg.com\/index.php\/wp-json\/wp\/v2\/pages\/1631\/revisions\/1635"}],"wp:attachment":[{"href":"https:\/\/boatpartyctg.com\/index.php\/wp-json\/wp\/v2\/media?parent=1631"}],"curies":[{"name":"wp","href":"https:\/\/api.w.org\/{rel}","templated":true}]}}