{"id":817,"date":"2023-08-24T03:48:07","date_gmt":"2023-08-24T03:48:07","guid":{"rendered":"https:\/\/boatpartyctg.com\/?post_type=product&#038;p=817"},"modified":"2023-10-23T21:56:57","modified_gmt":"2023-10-23T21:56:57","slug":"el-boliche-34ft-lancha","status":"publish","type":"product","link":"https:\/\/boatpartyctg.com\/index.php\/product\/el-boliche-34ft-lancha\/","title":{"rendered":"El Boliche 34ft Lancha\u00a0"},"content":{"rendered":"<p><b><span data-contrast=\"none\">Explora las Maravillas Mar\u00edtimas con El Boliche 34ft en Cartagena<\/span><\/b><span data-ccp-props=\"{&quot;134233117&quot;:false,&quot;201341983&quot;:0,&quot;335551550&quot;:0,&quot;335551620&quot;:0,&quot;335559738&quot;:0,&quot;335559739&quot;:160,&quot;335559740&quot;:259}\">\u00a0<\/span><\/p>\n<p><span data-contrast=\"none\">Emb\u00e1rcate en una aventura \u00fanica con la lancha El Boliche 34ft y descubre las aguas cristalinas de Cartagena en una experiencia mar\u00edtima excepcional. Dise\u00f1ada con amplitud y comodidad, esta lancha es tu puerta de entrada para escapar del ajetreo de la ciudad y sumergirte en la serenidad del mar Caribe. Ya sea que busques un d\u00eda emocionante de snorkel, un paseo costero relajante o la celebraci\u00f3n de momentos especiales con amigos y familiares, El Boliche 34ft ofrece la oportunidad de crear recuerdos inolvidables en las aguas tropicales de Cartagena.<\/span><span data-ccp-props=\"{&quot;201341983&quot;:0,&quot;335551550&quot;:0,&quot;335551620&quot;:0,&quot;335559739&quot;:160,&quot;335559740&quot;:259}\">\u00a0<\/span><\/p>\n<ul>\n<li data-leveltext=\"\uf0b7\" data-font=\"Symbol\" data-listid=\"1\" data-list-defn-props=\"{&quot;134225954&quot;:true,&quot;134225961&quot;:true,&quot;335552541&quot;:1,&quot;335559683&quot;:0,&quot;335559684&quot;:-2,&quot;335559685&quot;:720,&quot;335559991&quot;:360,&quot;469769226&quot;:&quot;Symbol&quot;,&quot;469769242&quot;:[8226],&quot;469777803&quot;:&quot;left&quot;,&quot;469777804&quot;:&quot;\uf0b7&quot;,&quot;469777815&quot;:&quot;hybridMultilevel&quot;}\" aria-setsize=\"-1\" data-aria-posinset=\"47\" data-aria-level=\"1\"><b><span data-contrast=\"none\">Especificaciones T\u00e9cnicas:<\/span><\/b><span data-ccp-props=\"{&quot;134233117&quot;:false,&quot;134233118&quot;:false,&quot;201341983&quot;:0,&quot;335551550&quot;:0,&quot;335551620&quot;:0,&quot;335559738&quot;:0,&quot;335559739&quot;:0,&quot;335559740&quot;:259}\">\u00a0<\/span><\/li>\n<li data-leveltext=\"\uf0b7\" data-font=\"Symbol\" data-listid=\"1\" data-list-defn-props=\"{&quot;134225954&quot;:true,&quot;134225961&quot;:true,&quot;335552541&quot;:1,&quot;335559683&quot;:0,&quot;335559684&quot;:-2,&quot;335559685&quot;:720,&quot;335559991&quot;:360,&quot;469769226&quot;:&quot;Symbol&quot;,&quot;469769242&quot;:[8226],&quot;469777803&quot;:&quot;left&quot;,&quot;469777804&quot;:&quot;\uf0b7&quot;,&quot;469777815&quot;:&quot;hybridMultilevel&quot;}\" aria-setsize=\"-1\" data-aria-posinset=\"48\" data-aria-level=\"1\"><span data-contrast=\"none\">Longitud: 34 pies<\/span><span data-ccp-props=\"{&quot;134233117&quot;:false,&quot;134233118&quot;:false,&quot;201341983&quot;:0,&quot;335559738&quot;:0,&quot;335559739&quot;:0,&quot;335559740&quot;:259}\">\u00a0<\/span><\/li>\n<li data-leveltext=\"\uf0b7\" data-font=\"Symbol\" data-listid=\"1\" data-list-defn-props=\"{&quot;134225954&quot;:true,&quot;134225961&quot;:true,&quot;335552541&quot;:1,&quot;335559683&quot;:0,&quot;335559684&quot;:-2,&quot;335559685&quot;:720,&quot;335559991&quot;:360,&quot;469769226&quot;:&quot;Symbol&quot;,&quot;469769242&quot;:[8226],&quot;469777803&quot;:&quot;left&quot;,&quot;469777804&quot;:&quot;\uf0b7&quot;,&quot;469777815&quot;:&quot;hybridMultilevel&quot;}\" aria-setsize=\"-1\" data-aria-posinset=\"49\" data-aria-level=\"1\"><span data-contrast=\"none\">1 ba\u00f1o<\/span><span data-ccp-props=\"{&quot;134233117&quot;:false,&quot;134233118&quot;:false,&quot;201341983&quot;:0,&quot;335559738&quot;:0,&quot;335559739&quot;:0,&quot;335559740&quot;:259}\">\u00a0<\/span><\/li>\n<li data-leveltext=\"\uf0b7\" data-font=\"Symbol\" data-listid=\"1\" data-list-defn-props=\"{&quot;134225954&quot;:true,&quot;134225961&quot;:true,&quot;335552541&quot;:1,&quot;335559683&quot;:0,&quot;335559684&quot;:-2,&quot;335559685&quot;:720,&quot;335559991&quot;:360,&quot;469769226&quot;:&quot;Symbol&quot;,&quot;469769242&quot;:[8226],&quot;469777803&quot;:&quot;left&quot;,&quot;469777804&quot;:&quot;\uf0b7&quot;,&quot;469777815&quot;:&quot;hybridMultilevel&quot;}\" aria-setsize=\"-1\" data-aria-posinset=\"50\" data-aria-level=\"1\"><span data-contrast=\"none\">2 motores Suzuki 200<\/span><span data-ccp-props=\"{&quot;134233117&quot;:false,&quot;134233118&quot;:false,&quot;201341983&quot;:0,&quot;335559738&quot;:0,&quot;335559739&quot;:0,&quot;335559740&quot;:259}\">\u00a0<\/span><\/li>\n<li data-leveltext=\"\uf0b7\" data-font=\"Symbol\" data-listid=\"1\" data-list-defn-props=\"{&quot;134225954&quot;:true,&quot;134225961&quot;:true,&quot;335552541&quot;:1,&quot;335559683&quot;:0,&quot;335559684&quot;:-2,&quot;335559685&quot;:720,&quot;335559991&quot;:360,&quot;469769226&quot;:&quot;Symbol&quot;,&quot;469769242&quot;:[8226],&quot;469777803&quot;:&quot;left&quot;,&quot;469777804&quot;:&quot;\uf0b7&quot;,&quot;469777815&quot;:&quot;hybridMultilevel&quot;}\" aria-setsize=\"-1\" data-aria-posinset=\"51\" data-aria-level=\"1\"><span data-contrast=\"none\">Ducha<\/span><span data-ccp-props=\"{&quot;134233117&quot;:false,&quot;134233118&quot;:false,&quot;201341983&quot;:0,&quot;335559738&quot;:0,&quot;335559739&quot;:0,&quot;335559740&quot;:259}\">\u00a0<\/span><\/li>\n<\/ul>\n<p><span data-contrast=\"none\">Al elegir El Boliche 34ft, te sumerges en una experiencia completa con el paquete Boat Party Cartagena que incluye:<\/span><span data-ccp-props=\"{&quot;201341983&quot;:0,&quot;335551550&quot;:0,&quot;335551620&quot;:0,&quot;335559739&quot;:160,&quot;335559740&quot;:259}\">\u00a0<\/span><\/p>\n<ul>\n<li data-leveltext=\"\uf0b7\" data-font=\"Symbol\" data-listid=\"1\" data-list-defn-props=\"{&quot;134225954&quot;:true,&quot;134225961&quot;:true,&quot;335552541&quot;:1,&quot;335559683&quot;:0,&quot;335559684&quot;:-2,&quot;335559685&quot;:720,&quot;335559991&quot;:360,&quot;469769226&quot;:&quot;Symbol&quot;,&quot;469769242&quot;:[8226],&quot;469777803&quot;:&quot;left&quot;,&quot;469777804&quot;:&quot;\uf0b7&quot;,&quot;469777815&quot;:&quot;hybridMultilevel&quot;}\" aria-setsize=\"-1\" data-aria-posinset=\"52\" data-aria-level=\"1\"><span data-contrast=\"none\">Sistema de sonido\u00a0<\/span><span data-ccp-props=\"{&quot;134233117&quot;:false,&quot;134233118&quot;:false,&quot;201341983&quot;:0,&quot;335551550&quot;:0,&quot;335551620&quot;:0,&quot;335559738&quot;:0,&quot;335559739&quot;:0,&quot;335559740&quot;:259}\">\u00a0<\/span><\/li>\n<li data-leveltext=\"\uf0b7\" data-font=\"Symbol\" data-listid=\"1\" data-list-defn-props=\"{&quot;134225954&quot;:true,&quot;134225961&quot;:true,&quot;335552541&quot;:1,&quot;335559683&quot;:0,&quot;335559684&quot;:-2,&quot;335559685&quot;:720,&quot;335559991&quot;:360,&quot;469769226&quot;:&quot;Symbol&quot;,&quot;469769242&quot;:[8226],&quot;469777803&quot;:&quot;left&quot;,&quot;469777804&quot;:&quot;\uf0b7&quot;,&quot;469777815&quot;:&quot;hybridMultilevel&quot;}\" aria-setsize=\"-1\" data-aria-posinset=\"53\" data-aria-level=\"1\"><span data-contrast=\"none\">Dj\u00a0<\/span><span data-ccp-props=\"{&quot;201341983&quot;:0,&quot;335559739&quot;:0,&quot;335559740&quot;:259}\">\u00a0<\/span><\/li>\n<li data-leveltext=\"\uf0b7\" data-font=\"Symbol\" data-listid=\"1\" data-list-defn-props=\"{&quot;134225954&quot;:true,&quot;134225961&quot;:true,&quot;335552541&quot;:1,&quot;335559683&quot;:0,&quot;335559684&quot;:-2,&quot;335559685&quot;:720,&quot;335559991&quot;:360,&quot;469769226&quot;:&quot;Symbol&quot;,&quot;469769242&quot;:[8226],&quot;469777803&quot;:&quot;left&quot;,&quot;469777804&quot;:&quot;\uf0b7&quot;,&quot;469777815&quot;:&quot;hybridMultilevel&quot;}\" aria-setsize=\"-1\" data-aria-posinset=\"54\" data-aria-level=\"1\"><span data-contrast=\"none\">Conserje<\/span><span data-ccp-props=\"{&quot;201341983&quot;:0,&quot;335559739&quot;:0,&quot;335559740&quot;:259}\">\u00a0<\/span><\/li>\n<li data-leveltext=\"\uf0b7\" data-font=\"Symbol\" data-listid=\"1\" data-list-defn-props=\"{&quot;134225954&quot;:true,&quot;134225961&quot;:true,&quot;335552541&quot;:1,&quot;335559683&quot;:0,&quot;335559684&quot;:-2,&quot;335559685&quot;:720,&quot;335559991&quot;:360,&quot;469769226&quot;:&quot;Symbol&quot;,&quot;469769242&quot;:[8226],&quot;469777803&quot;:&quot;left&quot;,&quot;469777804&quot;:&quot;\uf0b7&quot;,&quot;469777815&quot;:&quot;hybridMultilevel&quot;}\" aria-setsize=\"-1\" data-aria-posinset=\"55\" data-aria-level=\"1\"><span data-contrast=\"none\">Bartender \/ camarero<\/span><span data-ccp-props=\"{&quot;201341983&quot;:0,&quot;335559739&quot;:0,&quot;335559740&quot;:259}\">\u00a0<\/span><\/li>\n<li data-leveltext=\"\uf0b7\" data-font=\"Symbol\" data-listid=\"1\" data-list-defn-props=\"{&quot;134225954&quot;:true,&quot;134225961&quot;:true,&quot;335552541&quot;:1,&quot;335559683&quot;:0,&quot;335559684&quot;:-2,&quot;335559685&quot;:720,&quot;335559991&quot;:360,&quot;469769226&quot;:&quot;Symbol&quot;,&quot;469769242&quot;:[8226],&quot;469777803&quot;:&quot;left&quot;,&quot;469777804&quot;:&quot;\uf0b7&quot;,&quot;469777815&quot;:&quot;hybridMultilevel&quot;}\" aria-setsize=\"-1\" data-aria-posinset=\"56\" data-aria-level=\"1\"><span data-contrast=\"none\">Capit\u00e1n y marinero<\/span><span data-ccp-props=\"{&quot;201341983&quot;:0,&quot;335559739&quot;:0,&quot;335559740&quot;:259}\">\u00a0<\/span><\/li>\n<li data-leveltext=\"\uf0b7\" data-font=\"Symbol\" data-listid=\"1\" data-list-defn-props=\"{&quot;134225954&quot;:true,&quot;134225961&quot;:true,&quot;335552541&quot;:1,&quot;335559683&quot;:0,&quot;335559684&quot;:-2,&quot;335559685&quot;:720,&quot;335559991&quot;:360,&quot;469769226&quot;:&quot;Symbol&quot;,&quot;469769242&quot;:[8226],&quot;469777803&quot;:&quot;left&quot;,&quot;469777804&quot;:&quot;\uf0b7&quot;,&quot;469777815&quot;:&quot;hybridMultilevel&quot;}\" aria-setsize=\"-1\" data-aria-posinset=\"57\" data-aria-level=\"1\"><span data-contrast=\"none\">1 Cooler con hielo<\/span><span data-ccp-props=\"{&quot;201341983&quot;:0,&quot;335559739&quot;:0,&quot;335559740&quot;:259}\">\u00a0<\/span><\/li>\n<li data-leveltext=\"\uf0b7\" data-font=\"Symbol\" data-listid=\"1\" data-list-defn-props=\"{&quot;134225954&quot;:true,&quot;134225961&quot;:true,&quot;335552541&quot;:1,&quot;335559683&quot;:0,&quot;335559684&quot;:-2,&quot;335559685&quot;:720,&quot;335559991&quot;:360,&quot;469769226&quot;:&quot;Symbol&quot;,&quot;469769242&quot;:[8226],&quot;469777803&quot;:&quot;left&quot;,&quot;469777804&quot;:&quot;\uf0b7&quot;,&quot;469777815&quot;:&quot;hybridMultilevel&quot;}\" aria-setsize=\"-1\" data-aria-posinset=\"58\" data-aria-level=\"1\"><span data-contrast=\"none\">Botellas de agua y agua de coco<\/span><span data-ccp-props=\"{&quot;201341983&quot;:0,&quot;335559739&quot;:0,&quot;335559740&quot;:259}\">\u00a0<\/span><\/li>\n<li data-leveltext=\"\uf0b7\" data-font=\"Symbol\" data-listid=\"1\" data-list-defn-props=\"{&quot;134225954&quot;:true,&quot;134225961&quot;:true,&quot;335552541&quot;:1,&quot;335559683&quot;:0,&quot;335559684&quot;:-2,&quot;335559685&quot;:720,&quot;335559991&quot;:360,&quot;469769226&quot;:&quot;Symbol&quot;,&quot;469769242&quot;:[8226],&quot;469777803&quot;:&quot;left&quot;,&quot;469777804&quot;:&quot;\uf0b7&quot;,&quot;469777815&quot;:&quot;hybridMultilevel&quot;}\" aria-setsize=\"-1\" data-aria-posinset=\"59\" data-aria-level=\"1\"><span data-contrast=\"none\">Bebidas no alcoh\u00f3licas<\/span><span data-ccp-props=\"{&quot;201341983&quot;:0,&quot;335559739&quot;:0,&quot;335559740&quot;:259}\">\u00a0<\/span><\/li>\n<li data-leveltext=\"\uf0b7\" data-font=\"Symbol\" data-listid=\"1\" data-list-defn-props=\"{&quot;134225954&quot;:true,&quot;134225961&quot;:true,&quot;335552541&quot;:1,&quot;335559683&quot;:0,&quot;335559684&quot;:-2,&quot;335559685&quot;:720,&quot;335559991&quot;:360,&quot;469769226&quot;:&quot;Symbol&quot;,&quot;469769242&quot;:[8226],&quot;469777803&quot;:&quot;left&quot;,&quot;469777804&quot;:&quot;\uf0b7&quot;,&quot;469777815&quot;:&quot;hybridMultilevel&quot;}\" aria-setsize=\"-1\" data-aria-posinset=\"60\" data-aria-level=\"1\"><span data-contrast=\"none\">Toallas y Souvenirs de\u00a0Boat Party Cartagena<\/span><\/li>\n<li data-leveltext=\"\uf0b7\" data-font=\"Symbol\" data-listid=\"1\" data-list-defn-props=\"{&quot;134225954&quot;:true,&quot;134225961&quot;:true,&quot;335552541&quot;:1,&quot;335559683&quot;:0,&quot;335559684&quot;:-2,&quot;335559685&quot;:720,&quot;335559991&quot;:360,&quot;469769226&quot;:&quot;Symbol&quot;,&quot;469769242&quot;:[8226],&quot;469777803&quot;:&quot;left&quot;,&quot;469777804&quot;:&quot;\uf0b7&quot;,&quot;469777815&quot;:&quot;hybridMultilevel&quot;}\" aria-setsize=\"-1\" data-aria-posinset=\"61\" data-aria-level=\"1\"><span data-contrast=\"none\">Seguro e Impuestos al d\u00eda<\/span><\/li>\n<\/ul>\n<p>&nbsp;<\/p>\n<p><strong>Tours y Servicios con El Boliche 34ft :<\/strong><\/p>\n<ol>\n<li><strong>Caribbean Island Tour &#8211; $5,200,000:<\/strong>\n<ul>\n<li>Descubre la majestuosidad de las Islas del Rosario y disfruta de un d\u00eda inolvidable en el para\u00edso caribe\u00f1o.<\/li>\n<\/ul>\n<\/li>\n<li><strong>Panoramic Bay Tour &#8211; $2,800,000:<\/strong>\n<ul>\n<li>Emb\u00e1rcate en un recorrido panor\u00e1mico por la bah\u00eda, explorando los encantos naturales de Cartagena desde el agua.<\/li>\n<\/ul>\n<\/li>\n<li><strong>Romantic Bay Scape Tour &#8211; $2,500,000:<\/strong>\n<ul>\n<li>Vive una experiencia rom\u00e1ntica mientras contemplas la puesta de sol y disfrutas de la serenidad de la bah\u00eda.<\/li>\n<\/ul>\n<\/li>\n<\/ol>\n<p><strong>Consejos para tu experiencia <b><span data-contrast=\"auto\">inolvidable<\/span><\/b>:<\/strong><\/p>\n<ol>\n<li><strong>\u00a0Elige la Embarcaci\u00f3n Correcta:<\/strong>\n<ul>\n<li>Considera el tama\u00f1o de tu grupo al seleccionar El Boliche 34ft\u00a0 para asegurar una experiencia c\u00f3moda y espaciosa.<\/li>\n<\/ul>\n<\/li>\n<li><strong>Horarios Variables seg\u00fan tus Preferencias:<\/strong>\n<ul>\n<li>Aprovecha la flexibilidad de los horarios para adaptar tu experiencia a tus preferencias, ya sea disfrutando del d\u00eda bajo el sol o explorando la belleza nocturna.<\/li>\n<\/ul>\n<\/li>\n<li><strong>Planificaci\u00f3n de Eventos Especiales:<\/strong>\n<ul>\n<li>Celebra cumplea\u00f1os, aniversarios u otras ocasiones especiales personalizando tu experiencia con decoraciones tem\u00e1ticas y servicios adicionales.<\/li>\n<\/ul>\n<\/li>\n<li><strong>Reserva con Anticipaci\u00f3n:<\/strong>\n<ul>\n<li>Asegura la disponibilidad de El Boliche 34ft\u00a0 y evita contratiempos reservando con anticipaci\u00f3n, especialmente durante las temporadas de alta demanda.<\/li>\n<\/ul>\n<\/li>\n<\/ol>\n<p>El Boliche 34ft est\u00e1 listo para llevarte a un viaje inolvidable. Desde la navegaci\u00f3n panor\u00e1mica hasta la diversi\u00f3n bajo el sol, cada momento a bordo est\u00e1 dise\u00f1ado para crear recuerdos inolvidables. \u00a1Reserva tu aventura hoy y descubre lo mejor de Cartagena desde el mar con Boat Party Cartagena!<\/p>\n<p>&nbsp;<\/p>\n","protected":false},"excerpt":{"rendered":"<p><span class=\"TextRun SCXW206903313 BCX0\" lang=\"ES-CO\" xml:lang=\"ES-CO\" data-contrast=\"auto\"><span class=\"NormalTextRun SCXW206903313 BCX0\">Emb\u00e1rcate en una aventura en la lancha El Boliche 34ft y descubre la magia de Cartagena desde el mar. \u00a1Reserva ahora tu aventura con Boat Party Cartagena!<\/span><\/span><\/p>\n","protected":false},"featured_media":2010,"comment_status":"open","ping_status":"closed","template":"","meta":{"_monsterinsights_skip_tracking":false,"_monsterinsights_sitenote_active":false,"_monsterinsights_sitenote_note":"","_monsterinsights_sitenote_category":0,"_joinchat":[]},"product_brand":[],"product_cat":[32,44],"product_tag":[],"class_list":{"0":"post-817","1":"product","2":"type-product","3":"status-publish","4":"has-post-thumbnail","6":"product_cat-embarcaciones","7":"product_cat-lancha","9":"first","10":"instock","11":"sold-individually","12":"taxable","13":"shipping-taxable","14":"purchasable","15":"product-type-variable"},"aioseo_notices":[],"jetpack_sharing_enabled":true,"_links":{"self":[{"href":"https:\/\/boatpartyctg.com\/index.php\/wp-json\/wp\/v2\/product\/817","targetHints":{"allow":["GET"]}}],"collection":[{"href":"https:\/\/boatpartyctg.com\/index.php\/wp-json\/wp\/v2\/product"}],"about":[{"href":"https:\/\/boatpartyctg.com\/index.php\/wp-json\/wp\/v2\/types\/product"}],"replies":[{"embeddable":true,"href":"https:\/\/boatpartyctg.com\/index.php\/wp-json\/wp\/v2\/comments?post=817"}],"wp:featuredmedia":[{"embeddable":true,"href":"https:\/\/boatpartyctg.com\/index.php\/wp-json\/wp\/v2\/media\/2010"}],"wp:attachment":[{"href":"https:\/\/boatpartyctg.com\/index.php\/wp-json\/wp\/v2\/media?parent=817"}],"wp:term":[{"taxonomy":"product_brand","embeddable":true,"href":"https:\/\/boatpartyctg.com\/index.php\/wp-json\/wp\/v2\/product_brand?post=817"},{"taxonomy":"product_cat","embeddable":true,"href":"https:\/\/boatpartyctg.com\/index.php\/wp-json\/wp\/v2\/product_cat?post=817"},{"taxonomy":"product_tag","embeddable":true,"href":"https:\/\/boatpartyctg.com\/index.php\/wp-json\/wp\/v2\/product_tag?post=817"}],"curies":[{"name":"wp","href":"https:\/\/api.w.org\/{rel}","templated":true}]}}